{"id":663,"date":"2023-12-11T17:37:26","date_gmt":"2023-12-11T17:37:26","guid":{"rendered":"https:\/\/svietimotaryba.org\/e-mokykla\/?page_id=663"},"modified":"2024-11-05T13:39:45","modified_gmt":"2024-11-05T13:39:45","slug":"musu-remejai","status":"publish","type":"page","link":"https:\/\/svietimotaryba.org\/e-mokykla\/musu-remejai\/","title":{"rendered":"M\u016bs\u0173 r\u0117m\u0117jai"},"content":{"rendered":"\t\t<div data-elementor-type=\"wp-page\" data-elementor-id=\"663\" class=\"elementor elementor-663\">\n\t\t\t\t\t\t<section class=\"elementor-section elementor-top-section elementor-element elementor-element-9f8a404 elementor-section-boxed elementor-section-height-default elementor-section-height-default\" data-id=\"9f8a404\" data-element_type=\"section\" data-e-type=\"section\">\n\t\t\t\t\t\t<div class=\"elementor-container elementor-column-gap-default\">\n\t\t\t\t\t<div class=\"elementor-column elementor-col-100 elementor-top-column elementor-element elementor-element-757c32f\" data-id=\"757c32f\" data-element_type=\"column\" data-e-type=\"column\">\n\t\t\t<div class=\"elementor-widget-wrap elementor-element-populated\">\n\t\t\t\t\t\t<div class=\"elementor-element elementor-element-e5fea55 elementor-widget elementor-widget-image\" data-id=\"e5fea55\" data-element_type=\"widget\" data-e-type=\"widget\" data-widget_type=\"image.default\">\n\t\t\t\t<div class=\"elementor-widget-container\">\n\t\t\t\t\t\t\t\t\t\t\t\t\t\t\t<img loading=\"lazy\" decoding=\"async\" loading=\"lazy\" width=\"1024\" height=\"581\" src=\"https:\/\/svietimotaryba.org\/e-mokykla\/wp-content\/uploads\/2024\/11\/paramos-paskirstymas-ai-1024x581.png\" class=\"attachment-large size-large wp-image-915\" alt=\"\" srcset=\"https:\/\/svietimotaryba.org\/e-mokykla\/wp-content\/uploads\/2024\/11\/paramos-paskirstymas-ai-1024x581.png 1024w, https:\/\/svietimotaryba.org\/e-mokykla\/wp-content\/uploads\/2024\/11\/paramos-paskirstymas-ai-300x170.png 300w, https:\/\/svietimotaryba.org\/e-mokykla\/wp-content\/uploads\/2024\/11\/paramos-paskirstymas-ai-768x436.png 768w, https:\/\/svietimotaryba.org\/e-mokykla\/wp-content\/uploads\/2024\/11\/paramos-paskirstymas-ai.png 1400w\" sizes=\"auto, (max-width: 1024px) 100vw, 1024px\" \/>\t\t\t\t\t\t\t\t\t\t\t\t\t\t\t<\/div>\n\t\t\t\t<\/div>\n\t\t\t\t\t<\/div>\n\t\t<\/div>\n\t\t\t\t\t<\/div>\n\t\t<\/section>\n\t\t\t\t<section class=\"elementor-section elementor-top-section elementor-element elementor-element-3c187b1 elementor-section-boxed elementor-section-height-default elementor-section-height-default\" data-id=\"3c187b1\" data-element_type=\"section\" data-e-type=\"section\">\n\t\t\t\t\t\t<div class=\"elementor-container elementor-column-gap-default\">\n\t\t\t\t\t<div class=\"elementor-column elementor-col-100 elementor-top-column elementor-element elementor-element-16cca36\" data-id=\"16cca36\" data-element_type=\"column\" data-e-type=\"column\">\n\t\t\t<div class=\"elementor-widget-wrap elementor-element-populated\">\n\t\t\t\t\t\t<div class=\"elementor-element elementor-element-6307fd0 elementor-widget elementor-widget-spacer\" data-id=\"6307fd0\" data-element_type=\"widget\" data-e-type=\"widget\" data-widget_type=\"spacer.default\">\n\t\t\t\t<div class=\"elementor-widget-container\">\n\t\t\t\t\t\t\t<div class=\"elementor-spacer\">\n\t\t\t<div class=\"elementor-spacer-inner\"><\/div>\n\t\t<\/div>\n\t\t\t\t\t\t<\/div>\n\t\t\t\t<\/div>\n\t\t\t\t\t<\/div>\n\t\t<\/div>\n\t\t\t\t\t<\/div>\n\t\t<\/section>\n\t\t\t\t<\/div>\n\t\t","protected":false},"excerpt":{"rendered":"","protected":false},"author":2,"featured_media":0,"parent":0,"menu_order":0,"comment_status":"closed","ping_status":"closed","template":"","meta":{"nf_dc_page":"","_mc_calendar":[],"footnotes":""},"class_list":["post-663","page","type-page","status-publish","hentry"],"_links":{"self":[{"href":"https:\/\/svietimotaryba.org\/e-mokykla\/wp-json\/wp\/v2\/pages\/663","targetHints":{"allow":["GET"]}}],"collection":[{"href":"https:\/\/svietimotaryba.org\/e-mokykla\/wp-json\/wp\/v2\/pages"}],"about":[{"href":"https:\/\/svietimotaryba.org\/e-mokykla\/wp-json\/wp\/v2\/types\/page"}],"author":[{"embeddable":true,"href":"https:\/\/svietimotaryba.org\/e-mokykla\/wp-json\/wp\/v2\/users\/2"}],"replies":[{"embeddable":true,"href":"https:\/\/svietimotaryba.org\/e-mokykla\/wp-json\/wp\/v2\/comments?post=663"}],"version-history":[{"count":20,"href":"https:\/\/svietimotaryba.org\/e-mokykla\/wp-json\/wp\/v2\/pages\/663\/revisions"}],"predecessor-version":[{"id":918,"href":"https:\/\/svietimotaryba.org\/e-mokykla\/wp-json\/wp\/v2\/pages\/663\/revisions\/918"}],"wp:attachment":[{"href":"https:\/\/svietimotaryba.org\/e-mokykla\/wp-json\/wp\/v2\/media?parent=663"}],"curies":[{"name":"wp","href":"https:\/\/api.w.org\/{rel}","templated":true}]}}