{"id":42,"date":"2022-10-01T13:30:23","date_gmt":"2022-10-01T13:30:23","guid":{"rendered":"https:\/\/svietimotaryba.org\/e-mokykla\/?page_id=42"},"modified":"2025-09-13T16:32:06","modified_gmt":"2025-09-13T16:32:06","slug":"pagrindinis","status":"publish","type":"page","link":"https:\/\/svietimotaryba.org\/e-mokykla\/","title":{"rendered":"Pagrindinis"},"content":{"rendered":"\t\t<div data-elementor-type=\"wp-page\" data-elementor-id=\"42\" class=\"elementor elementor-42\">\n\t\t\t\t\t\t<section class=\"elementor-section elementor-top-section elementor-element elementor-element-6431149 elementor-section-boxed elementor-section-height-default elementor-section-height-default\" data-id=\"6431149\" data-element_type=\"section\" data-e-type=\"section\">\n\t\t\t\t\t\t<div class=\"elementor-container elementor-column-gap-default\">\n\t\t\t\t\t<div class=\"elementor-column elementor-col-100 elementor-top-column elementor-element elementor-element-a304e09\" data-id=\"a304e09\" data-element_type=\"column\" data-e-type=\"column\">\n\t\t\t<div class=\"elementor-widget-wrap elementor-element-populated\">\n\t\t\t\t\t\t<div class=\"elementor-element elementor-element-fc3ddb2 elementor-widget elementor-widget-spacer\" data-id=\"fc3ddb2\" data-element_type=\"widget\" data-e-type=\"widget\" data-widget_type=\"spacer.default\">\n\t\t\t\t<div class=\"elementor-widget-container\">\n\t\t\t\t\t\t\t<div class=\"elementor-spacer\">\n\t\t\t<div class=\"elementor-spacer-inner\"><\/div>\n\t\t<\/div>\n\t\t\t\t\t\t<\/div>\n\t\t\t\t<\/div>\n\t\t\t\t\t<\/div>\n\t\t<\/div>\n\t\t\t\t\t<\/div>\n\t\t<\/section>\n\t\t\t\t<section class=\"elementor-section elementor-top-section elementor-element elementor-element-b731f57 elementor-section-boxed elementor-section-height-default elementor-section-height-default\" data-id=\"b731f57\" data-element_type=\"section\" data-e-type=\"section\">\n\t\t\t\t\t\t<div class=\"elementor-container elementor-column-gap-default\">\n\t\t\t\t\t<div class=\"elementor-column elementor-col-50 elementor-top-column elementor-element elementor-element-7425694\" data-id=\"7425694\" data-element_type=\"column\" data-e-type=\"column\">\n\t\t\t<div class=\"elementor-widget-wrap elementor-element-populated\">\n\t\t\t\t\t\t<div class=\"elementor-element elementor-element-6cf38ed elementor-widget elementor-widget-text-editor\" data-id=\"6cf38ed\" data-element_type=\"widget\" data-e-type=\"widget\" data-widget_type=\"text-editor.default\">\n\t\t\t\t<div class=\"elementor-widget-container\">\n\t\t\t\t\t\t\t\t\t<p>E-Mokyklos tikslas &#8211; sukurti saugi\u0105 nuotolin\u0119 erdv\u0119, kur JAV lietuviai gal\u0117t\u0173 mokytis lietuvi\u0161kai bei kurti ir i\u0161reik\u0161ti save per \u012fvairaus pob\u016bd\u017eio edukacines pamokas, susipa\u017einti, susirasti draug\u0173 \u012fvairiose valstijose, bendrauti lietuvi\u0161kai ir stiprinti lietuvyb\u0117s jausm\u0105. Tai galimyb\u0117 \u012fsileisti lietuvi\u0161k\u0105 \u017eod\u012f \u012f m\u016bs\u0173 namus ir m\u016bs\u0173 vaik\u0173 \u0161irdis.<\/p><p>Internetiniai E-Mokyklos langai pla\u010diai atverti visiems norintiems i\u0161mokti lietuvi\u0173 kalb\u0105 ir j\u0105 i\u0161laikyti, i\u0161saugoti tautin\u012f tapatum\u0105, ugdyti pilieti\u0161kum\u0105, susipa\u017einti su Lietuvos istorija ir kult\u016bra.<\/p><p><strong>KVIE\u010cIAME REGISTRUOTIS\u00a0\u00a0 <\/strong><a href=\"https:\/\/forms.office.com\/r\/PieGEJLmJD\"><strong>https:\/\/forms.office.com\/r\/PieGEJLmJD<\/strong><\/a><\/p>\t\t\t\t\t\t\t\t<\/div>\n\t\t\t\t<\/div>\n\t\t\t\t\t<\/div>\n\t\t<\/div>\n\t\t\t\t<div class=\"elementor-column elementor-col-50 elementor-top-column elementor-element elementor-element-b970b72\" data-id=\"b970b72\" data-element_type=\"column\" data-e-type=\"column\">\n\t\t\t<div class=\"elementor-widget-wrap elementor-element-populated\">\n\t\t\t\t\t\t<div class=\"elementor-element elementor-element-051c919 elementor-widget elementor-widget-text-editor\" data-id=\"051c919\" data-element_type=\"widget\" data-e-type=\"widget\" data-widget_type=\"text-editor.default\">\n\t\t\t\t<div class=\"elementor-widget-container\">\n\t\t\t\t\t\t\t\t\t<p><strong><em>E-mokykla &#8211; puiki galimyb\u0117 mokytis nuotoliniu b\u016bdu:<\/em><\/strong><\/p><ul><li>Jei artimiausioje aplinkoje n\u0117ra lituanistin\u0117s mokyklos ar ji yra per toli<\/li><li>Jei savaitgalis yra netinkama diena d\u0117l sporto ar kitos u\u017eklasin\u0117s veiklos<\/li><li>Jei norite pasirinkti patog\u0173 laik\u0105 ir dien\u0105<\/li><li>Jei m\u0117gstate inovacijas ir poky\u010dius<\/li><li>Jei norite bendradarbiavimo ir pa\u017ein\u010di\u0173 su JAV valstijose gyvenan\u010diais bendraam\u017eiais lietuviais<\/li><li>Jei norite galimybi\u0173 priva\u010dioms pamokoms<\/li><li>Jei norite, kad mokyt\u0173 mokytojai, rekomenduoti JAV lituanistini\u0173 mokykl\u0173 vadov\u0173<\/li><\/ul><p><strong><em>Jei i\u0161kilo daugiau klausim\u0173, pra\u0161ome ra\u0161yti Kristinai Vy\u0161niauskienei adresu: <\/em><\/strong><a href=\"mailto:kvysniauskiene@svietimotaryba.org\"><strong><em>kvysniauskiene@svietimotaryba.org<\/em><\/strong><\/a><\/p>\t\t\t\t\t\t\t\t<\/div>\n\t\t\t\t<\/div>\n\t\t\t\t\t<\/div>\n\t\t<\/div>\n\t\t\t\t\t<\/div>\n\t\t<\/section>\n\t\t\t\t<section class=\"elementor-section elementor-top-section elementor-element elementor-element-77500d4 elementor-section-boxed elementor-section-height-default elementor-section-height-default\" data-id=\"77500d4\" data-element_type=\"section\" data-e-type=\"section\">\n\t\t\t\t\t\t<div class=\"elementor-container elementor-column-gap-default\">\n\t\t\t\t\t<div class=\"elementor-column elementor-col-100 elementor-top-column elementor-element elementor-element-91415c7\" data-id=\"91415c7\" data-element_type=\"column\" data-e-type=\"column\">\n\t\t\t<div class=\"elementor-widget-wrap elementor-element-populated\">\n\t\t\t\t\t\t<div class=\"elementor-element elementor-element-74c5488 elementor-widget elementor-widget-spacer\" data-id=\"74c5488\" data-element_type=\"widget\" data-e-type=\"widget\" data-widget_type=\"spacer.default\">\n\t\t\t\t<div class=\"elementor-widget-container\">\n\t\t\t\t\t\t\t<div class=\"elementor-spacer\">\n\t\t\t<div class=\"elementor-spacer-inner\"><\/div>\n\t\t<\/div>\n\t\t\t\t\t\t<\/div>\n\t\t\t\t<\/div>\n\t\t\t\t\t<\/div>\n\t\t<\/div>\n\t\t\t\t\t<\/div>\n\t\t<\/section>\n\t\t\t\t<\/div>\n\t\t","protected":false},"excerpt":{"rendered":"<p>E-Mokyklos tikslas &#8211; sukurti saugi\u0105 nuotolin\u0119 erdv\u0119, kur JAV lietuviai gal\u0117t\u0173 mokytis lietuvi\u0161kai bei kurti ir i\u0161reik\u0161ti save per \u012fvairaus [&hellip;]<\/p>\n","protected":false},"author":2,"featured_media":0,"parent":0,"menu_order":0,"comment_status":"closed","ping_status":"closed","template":"","meta":{"nf_dc_page":"","_mc_calendar":[],"footnotes":""},"class_list":["post-42","page","type-page","status-publish","hentry"],"_links":{"self":[{"href":"https:\/\/svietimotaryba.org\/e-mokykla\/wp-json\/wp\/v2\/pages\/42","targetHints":{"allow":["GET"]}}],"collection":[{"href":"https:\/\/svietimotaryba.org\/e-mokykla\/wp-json\/wp\/v2\/pages"}],"about":[{"href":"https:\/\/svietimotaryba.org\/e-mokykla\/wp-json\/wp\/v2\/types\/page"}],"author":[{"embeddable":true,"href":"https:\/\/svietimotaryba.org\/e-mokykla\/wp-json\/wp\/v2\/users\/2"}],"replies":[{"embeddable":true,"href":"https:\/\/svietimotaryba.org\/e-mokykla\/wp-json\/wp\/v2\/comments?post=42"}],"version-history":[{"count":8,"href":"https:\/\/svietimotaryba.org\/e-mokykla\/wp-json\/wp\/v2\/pages\/42\/revisions"}],"predecessor-version":[{"id":1104,"href":"https:\/\/svietimotaryba.org\/e-mokykla\/wp-json\/wp\/v2\/pages\/42\/revisions\/1104"}],"wp:attachment":[{"href":"https:\/\/svietimotaryba.org\/e-mokykla\/wp-json\/wp\/v2\/media?parent=42"}],"curies":[{"name":"wp","href":"https:\/\/api.w.org\/{rel}","templated":true}]}}