{"id":328,"date":"2023-01-10T15:46:36","date_gmt":"2023-01-10T15:46:36","guid":{"rendered":"https:\/\/svietimotaryba.org\/e-mokykla\/?page_id=328"},"modified":"2023-01-10T16:13:11","modified_gmt":"2023-01-10T16:13:11","slug":"zinios-apie-mus","status":"publish","type":"page","link":"https:\/\/svietimotaryba.org\/e-mokykla\/zinios-apie-mus\/","title":{"rendered":"\u017dinios"},"content":{"rendered":"\t\t<div data-elementor-type=\"wp-page\" data-elementor-id=\"328\" class=\"elementor elementor-328\">\n\t\t\t\t\t\t<section class=\"elementor-section elementor-top-section elementor-element elementor-element-b7209e0 elementor-section-boxed elementor-section-height-default elementor-section-height-default\" data-id=\"b7209e0\" data-element_type=\"section\" data-e-type=\"section\">\n\t\t\t\t\t\t<div class=\"elementor-container elementor-column-gap-default\">\n\t\t\t\t\t<div class=\"elementor-column elementor-col-100 elementor-top-column elementor-element elementor-element-049447e\" data-id=\"049447e\" data-element_type=\"column\" data-e-type=\"column\">\n\t\t\t<div class=\"elementor-widget-wrap elementor-element-populated\">\n\t\t\t\t\t\t<div class=\"elementor-element elementor-element-625cbd4 elementor-grid-eael-col-1 elementor-grid-tablet-eael-col-2 elementor-grid-mobile-eael-col-1 elementor-widget elementor-widget-eael-post-grid\" data-id=\"625cbd4\" data-element_type=\"widget\" data-e-type=\"widget\" data-settings=\"{&quot;eael_post_grid_columns&quot;:&quot;eael-col-1&quot;,&quot;eael_post_grid_columns_tablet&quot;:&quot;eael-col-2&quot;,&quot;eael_post_grid_columns_mobile&quot;:&quot;eael-col-1&quot;}\" data-widget_type=\"eael-post-grid.default\">\n\t\t\t\t<div class=\"elementor-widget-container\">\n\t\t\t\t\t<div id=\"eael-post-grid-625cbd4\" class=\"eael-post-grid-container\">\n            <div class=\"eael-post-grid eael-post-appender eael-post-appender-625cbd4 eael-post-grid-style-one\" data-layout-mode=\"masonry\"><article class=\"eael-grid-post  eael-post-grid-column eael-pg-post-1245 category-uncategorized\" data-id=\"1245\">\n        <div class=\"eael-grid-post-holder\">\n            <div class=\"eael-grid-post-holder-inner\"><div class=\"eael-entry-wrapper\"><header class=\"eael-entry-header\"><h2 class=\"eael-entry-title\"><a class=\"eael-grid-post-link\" href=\"https:\/\/svietimotaryba.org\/e-mokykla\/konkursas-graziausias-margutis-3\/\" title=\"Konkursas &#8220;Gra\u017eiausias margutis&#8221;\">Konkursas &#8220;Gra\u017eiausias margutis&#8221;<\/a><\/h2><\/header><div class=\"eael-entry-content\">\n                        <div class=\"eael-grid-post-excerpt\"><p>Mieli, t\u0117veliai, Bundanti gamta skelbia apie art\u0117jan\u010di\u0105 gra\u017eiausi\u0105 pavasario \u0161vent\u0119 \u2013 \u0161v. Velykas.\u0160ios \u0161vent\u0117s akimirkomis atgimkime naujiems tro\u0161kimams, dalykime \u017emon\u0117ms [&hellip;]<\/p><a href=\"https:\/\/svietimotaryba.org\/e-mokykla\/konkursas-graziausias-margutis-3\/\" class=\"eael-post-elements-readmore-btn\">Skaityti daugiau...<\/a><\/div>\n                    <\/div><div class=\"eael-entry-footer\"><div class=\"eael-entry-meta\"><span class=\"eael-posted-on\"><time datetime=\"March 31, 2026\">March 31, 2026<\/time><\/span><\/div><\/div><\/div><\/div>\n        <\/div>\n    <\/article><article class=\"eael-grid-post  eael-post-grid-column eael-pg-post-1236 category-uncategorized\" data-id=\"1236\">\n        <div class=\"eael-grid-post-holder\">\n            <div class=\"eael-grid-post-holder-inner\"><div class=\"eael-entry-wrapper\"><header class=\"eael-entry-header\"><h2 class=\"eael-entry-title\"><a class=\"eael-grid-post-link\" href=\"https:\/\/svietimotaryba.org\/e-mokykla\/kvieciame-i-edukacija-kiausiniu-marginimas-vasku\/\" title=\"Kvie\u010diame \u012f edukacij\u0105 &#8211; Kiau\u0161ini\u0173 marginimas va\u0161ku.\">Kvie\u010diame \u012f edukacij\u0105 &#8211; Kiau\u0161ini\u0173 marginimas va\u0161ku.<\/a><\/h2><\/header><div class=\"eael-entry-content\">\n                        <div class=\"eael-grid-post-excerpt\"><p>Kovo 4d. 12 val EST laiku Kiau\u0161ini\u0173 marginimas va\u0161ku \u2013 tai senovinis lietuvi\u0173 amatas, perduodamas i\u0161 kartos \u012f kart\u0105. Kiekvienas [&hellip;]<\/p><a href=\"https:\/\/svietimotaryba.org\/e-mokykla\/kvieciame-i-edukacija-kiausiniu-marginimas-vasku\/\" class=\"eael-post-elements-readmore-btn\">Skaityti daugiau...<\/a><\/div>\n                    <\/div><div class=\"eael-entry-footer\"><div class=\"eael-entry-meta\"><span class=\"eael-posted-on\"><time datetime=\"March 29, 2026\">March 29, 2026<\/time><\/span><\/div><\/div><\/div><\/div>\n        <\/div>\n    <\/article><article class=\"eael-grid-post  eael-post-grid-column eael-pg-post-1229 category-uncategorized\" data-id=\"1229\">\n        <div class=\"eael-grid-post-holder\">\n            <div class=\"eael-grid-post-holder-inner\"><div class=\"eael-entry-wrapper\"><header class=\"eael-entry-header\"><h2 class=\"eael-entry-title\"><a class=\"eael-grid-post-link\" href=\"https:\/\/svietimotaryba.org\/e-mokykla\/e-mokyklos-mokiniai-gilino-zinias-apie-lietuvos-etnografinius-regionus\/\" title=\"E-Mokyklos mokiniai gilino \u017einias apie Lietuvos etnografinius regionus\">E-Mokyklos mokiniai gilino \u017einias apie Lietuvos etnografinius regionus<\/a><\/h2><\/header><div class=\"eael-entry-content\">\n                        <div class=\"eael-grid-post-excerpt\"><p>\u0160i\u0173 met\u0173 vasario 28 dien\u0105 E-Mokyklos mokiniai nuo 10 iki 18 met\u0173 dalyvavo nuotolin\u0117je edukacijoje \u201eLietuvos etnografiniai regionai\u201c. Paskaita tapo [&hellip;]<\/p><a href=\"https:\/\/svietimotaryba.org\/e-mokykla\/e-mokyklos-mokiniai-gilino-zinias-apie-lietuvos-etnografinius-regionus\/\" class=\"eael-post-elements-readmore-btn\">Skaityti daugiau...<\/a><\/div>\n                    <\/div><div class=\"eael-entry-footer\"><div class=\"eael-entry-meta\"><span class=\"eael-posted-on\"><time datetime=\"March 2, 2026\">March 2, 2026<\/time><\/span><\/div><\/div><\/div><\/div>\n        <\/div>\n    <\/article><article class=\"eael-grid-post  eael-post-grid-column eael-pg-post-1220 category-uncategorized\" data-id=\"1220\">\n        <div class=\"eael-grid-post-holder\">\n            <div class=\"eael-grid-post-holder-inner\"><div class=\"eael-entry-wrapper\"><header class=\"eael-entry-header\"><h2 class=\"eael-entry-title\"><a class=\"eael-grid-post-link\" href=\"https:\/\/svietimotaryba.org\/e-mokykla\/kvieciame-dalyvauti-lituanistiniu-mokyklu-asociacijos-organizuojamoje-lietuviu-kalbos-pamokoje-kuri-truks-visa-para\/\" title=\"Kvie\u010diame dalyvauti Lituanistini\u0173 mokykl\u0173 asociacijos organizuojamoje lietuvi\u0173 kalbos pamokoje, kuri truks vis\u0105 par\u0105.\">Kvie\u010diame dalyvauti Lituanistini\u0173 mokykl\u0173 asociacijos organizuojamoje lietuvi\u0173 kalbos pamokoje, kuri truks vis\u0105 par\u0105.<\/a><\/h2><\/header><div class=\"eael-entry-content\">\n                        <div class=\"eael-grid-post-excerpt\"><p>LMA suorganizavo daug \u012fvairi\u0173 pamok\u0173, tikim\u0117s rasite pagal savo poreikius kur sudalyvauti.&nbsp; LIETUVI\u0172 KALBA NEMIEGA NIEKADA! \ud83d\udc9b&nbsp;Vasario 21 \u2013 22 [&hellip;]<\/p><a href=\"https:\/\/svietimotaryba.org\/e-mokykla\/kvieciame-dalyvauti-lituanistiniu-mokyklu-asociacijos-organizuojamoje-lietuviu-kalbos-pamokoje-kuri-truks-visa-para\/\" class=\"eael-post-elements-readmore-btn\">Skaityti daugiau...<\/a><\/div>\n                    <\/div><div class=\"eael-entry-footer\"><div class=\"eael-entry-meta\"><span class=\"eael-posted-on\"><time datetime=\"February 19, 2026\">February 19, 2026<\/time><\/span><\/div><\/div><\/div><\/div>\n        <\/div>\n    <\/article><article class=\"eael-grid-post  eael-post-grid-column eael-pg-post-1216 category-uncategorized\" data-id=\"1216\">\n        <div class=\"eael-grid-post-holder\">\n            <div class=\"eael-grid-post-holder-inner\"><div class=\"eael-entry-wrapper\"><header class=\"eael-entry-header\"><h2 class=\"eael-entry-title\"><a class=\"eael-grid-post-link\" href=\"https:\/\/svietimotaryba.org\/e-mokykla\/ai-ai-ai-jav-lituanistiniu-mokyklu-mokytojai-ir-vadovai-rinkosi-i-konferencija-apie-dirbtini-intelekta-los-andzele\/\" title=\"\u201eAI? AI! AI&#8230;\u201c JAV lituanistini\u0173 mokykl\u0173 mokytojai ir vadovai rinkosi \u012f konferencij\u0105 apie dirbtin\u012f intelekt\u0105 Los And\u017eele\">\u201eAI? AI! AI&#8230;\u201c JAV lituanistini\u0173 mokykl\u0173 mokytojai ir vadovai rinkosi \u012f konferencij\u0105 apie dirbtin\u012f intelekt\u0105 Los And\u017eele<\/a><\/h2><\/header><div class=\"eael-entry-content\">\n                        <div class=\"eael-grid-post-excerpt\"><p>Sausio antroje pus\u0117je smalsius mokytojus ir mokykl\u0173 vadovus i\u0161 \u012fvairi\u0173 valstij\u0173 susiburti paskatino JAV LB \u0160vietimo tarybos ir Los And\u017eelo [&hellip;]<\/p><a href=\"https:\/\/svietimotaryba.org\/e-mokykla\/ai-ai-ai-jav-lituanistiniu-mokyklu-mokytojai-ir-vadovai-rinkosi-i-konferencija-apie-dirbtini-intelekta-los-andzele\/\" class=\"eael-post-elements-readmore-btn\">Skaityti daugiau...<\/a><\/div>\n                    <\/div><div class=\"eael-entry-footer\"><div class=\"eael-entry-meta\"><span class=\"eael-posted-on\"><time datetime=\"February 15, 2026\">February 15, 2026<\/time><\/span><\/div><\/div><\/div><\/div>\n        <\/div>\n    <\/article><article class=\"eael-grid-post  eael-post-grid-column eael-pg-post-1210 category-uncategorized\" data-id=\"1210\">\n        <div class=\"eael-grid-post-holder\">\n            <div class=\"eael-grid-post-holder-inner\"><div class=\"eael-entry-wrapper\"><header class=\"eael-entry-header\"><h2 class=\"eael-entry-title\"><a class=\"eael-grid-post-link\" href=\"https:\/\/svietimotaryba.org\/e-mokykla\/nuosirdziai-sveikiname-lietuvos-valstybes-atkurimo-dienos-vasario-16-osios-proga-2\/\" title=\"Nuo\u0161ird\u017eiai sveikiname Lietuvos Valstyb\u0117s atk\u016brimo dienos \u2013 Vasario 16-osios proga!\">Nuo\u0161ird\u017eiai sveikiname Lietuvos Valstyb\u0117s atk\u016brimo dienos \u2013 Vasario 16-osios proga!<\/a><\/h2><\/header><div class=\"eael-entry-content\">\n                        <div class=\"eael-grid-post-excerpt\"><p>Nuo\u0161ird\u017eiai sveikiname Lietuvos Valstyb\u0117s atk\u016brimo dienos \u2013 Vasario 16-osios proga! \u0160i istorin\u0117 diena liudija lietuvi\u0173 tautos ry\u017et\u0105, vienyb\u0119 ir meil\u0119 [&hellip;]<\/p><a href=\"https:\/\/svietimotaryba.org\/e-mokykla\/nuosirdziai-sveikiname-lietuvos-valstybes-atkurimo-dienos-vasario-16-osios-proga-2\/\" class=\"eael-post-elements-readmore-btn\">Skaityti daugiau...<\/a><\/div>\n                    <\/div><div class=\"eael-entry-footer\"><div class=\"eael-entry-meta\"><span class=\"eael-posted-on\"><time datetime=\"February 14, 2026\">February 14, 2026<\/time><\/span><\/div><\/div><\/div><\/div>\n        <\/div>\n    <\/article><article class=\"eael-grid-post  eael-post-grid-column eael-pg-post-1198 category-uncategorized\" data-id=\"1198\">\n        <div class=\"eael-grid-post-holder\">\n            <div class=\"eael-grid-post-holder-inner\"><div class=\"eael-entry-wrapper\"><header class=\"eael-entry-header\"><h2 class=\"eael-entry-title\"><a class=\"eael-grid-post-link\" href=\"https:\/\/svietimotaryba.org\/e-mokykla\/e-mokykla-skelbia-graziausios-kaledines-eglutes-konkursa-2\/\" title=\"E-Mokykla skelbia gra\u017eiausios Kal\u0117din\u0117s eglut\u0117s konkurs\u0105\">E-Mokykla skelbia gra\u017eiausios Kal\u0117din\u0117s eglut\u0117s konkurs\u0105<\/a><\/h2><\/header><div class=\"eael-entry-content\">\n                        <div class=\"eael-grid-post-excerpt\"><p>\ud83c\udf84\u2728 Sveikiname Arcilos \u0161eimyn\u0105 \u2013 Gra\u017eiausios Kal\u0117d\u0173 eglut\u0117s konkurso nugal\u0117tojus!&nbsp;\u2728\ud83c\udf84 J\u016bs\u0173 eglut\u0117 paliet\u0117 daugelio \u0161irdis ir sulauk\u0117 daugiausia bals\u0173. Ji [&hellip;]<\/p><a href=\"https:\/\/svietimotaryba.org\/e-mokykla\/e-mokykla-skelbia-graziausios-kaledines-eglutes-konkursa-2\/\" class=\"eael-post-elements-readmore-btn\">Skaityti daugiau...<\/a><\/div>\n                    <\/div><div class=\"eael-entry-footer\"><div class=\"eael-entry-meta\"><span class=\"eael-posted-on\"><time datetime=\"December 30, 2025\">December 30, 2025<\/time><\/span><\/div><\/div><\/div><\/div>\n        <\/div>\n    <\/article><article class=\"eael-grid-post  eael-post-grid-column eael-pg-post-1192 category-uncategorized\" data-id=\"1192\">\n        <div class=\"eael-grid-post-holder\">\n            <div class=\"eael-grid-post-holder-inner\"><div class=\"eael-entry-wrapper\"><header class=\"eael-entry-header\"><h2 class=\"eael-entry-title\"><a class=\"eael-grid-post-link\" href=\"https:\/\/svietimotaryba.org\/e-mokykla\/su-sv-kaledom\/\" title=\"Su \u0160v. Kal\u0117dom!\">Su \u0160v. Kal\u0117dom!<\/a><\/h2><\/header><div class=\"eael-entry-content\">\n                        <div class=\"eael-grid-post-excerpt\"><p><\/p><a href=\"https:\/\/svietimotaryba.org\/e-mokykla\/su-sv-kaledom\/\" class=\"eael-post-elements-readmore-btn\">Skaityti daugiau...<\/a><\/div>\n                    <\/div><div class=\"eael-entry-footer\"><div class=\"eael-entry-meta\"><span class=\"eael-posted-on\"><time datetime=\"December 30, 2025\">December 30, 2025<\/time><\/span><\/div><\/div><\/div><\/div>\n        <\/div>\n    <\/article><article class=\"eael-grid-post  eael-post-grid-column eael-pg-post-1178 category-uncategorized\" data-id=\"1178\">\n        <div class=\"eael-grid-post-holder\">\n            <div class=\"eael-grid-post-holder-inner\"><div class=\"eael-entry-wrapper\"><header class=\"eael-entry-header\"><h2 class=\"eael-entry-title\"><a class=\"eael-grid-post-link\" href=\"https:\/\/svietimotaryba.org\/e-mokykla\/kaledu-svente-2\/\" title=\"Kal\u0117d\u0173 \u0161vent\u0117\">Kal\u0117d\u0173 \u0161vent\u0117<\/a><\/h2><\/header><div class=\"eael-entry-content\">\n                        <div class=\"eael-grid-post-excerpt\"><p>Sveiki, mieli t\u0117veliai, Nuo\u0161ird\u017eiai kvie\u010diame Jus &#8211; didelius ir ma\u017eus \u012f E-mokyklos Kal\u0117d\u0173 \u0161vent\u0119,&nbsp;kurioje kartu pasinersime \u012f \u017eiemos stebuklus, tradicijas [&hellip;]<\/p><a href=\"https:\/\/svietimotaryba.org\/e-mokykla\/kaledu-svente-2\/\" class=\"eael-post-elements-readmore-btn\">Skaityti daugiau...<\/a><\/div>\n                    <\/div><div class=\"eael-entry-footer\"><div class=\"eael-entry-meta\"><span class=\"eael-posted-on\"><time datetime=\"December 5, 2025\">December 5, 2025<\/time><\/span><\/div><\/div><\/div><\/div>\n        <\/div>\n    <\/article><article class=\"eael-grid-post  eael-post-grid-column eael-pg-post-1171 category-uncategorized\" data-id=\"1171\">\n        <div class=\"eael-grid-post-holder\">\n            <div class=\"eael-grid-post-holder-inner\"><div class=\"eael-entry-wrapper\"><header class=\"eael-entry-header\"><h2 class=\"eael-entry-title\"><a class=\"eael-grid-post-link\" href=\"https:\/\/svietimotaryba.org\/e-mokykla\/padekos-dienos-atostogos\/\" title=\"Pad\u0117kos dienos atostogos\">Pad\u0117kos dienos atostogos<\/a><\/h2><\/header><div class=\"eael-entry-content\">\n                        <div class=\"eael-grid-post-excerpt\"><p>Mielieji,&nbsp; Kit\u0105 savait\u0119 11\/23 &#8211; 11\/30 d. pamok\u0173 nebus &#8211; Pad\u0117kos dienos atostogos. Tegul \u0161i Pad\u0117kos diena b\u016bna kupina \u0161ilumos, [&hellip;]<\/p><a href=\"https:\/\/svietimotaryba.org\/e-mokykla\/padekos-dienos-atostogos\/\" class=\"eael-post-elements-readmore-btn\">Skaityti daugiau...<\/a><\/div>\n                    <\/div><div class=\"eael-entry-footer\"><div class=\"eael-entry-meta\"><span class=\"eael-posted-on\"><time datetime=\"November 22, 2025\">November 22, 2025<\/time><\/span><\/div><\/div><\/div><\/div>\n        <\/div>\n    <\/article><\/div>\n            <div class=\"clearfix\"><\/div>\n        <\/div>            <div class=\"eael-load-more-button-wrap\">\n                <button class=\"eael-load-more-button\" id=\"eael-load-more-btn-625cbd4\" data-widget-id=\"625cbd4\" data-widget=\"625cbd4\" data-page-id=\"328\" data-template=\"{&quot;dir&quot;:&quot;lite&quot;,&quot;file_name&quot;:&quot;one.php&quot;,&quot;name&quot;:&quot;Post-Grid&quot;}\" data-class=\"Essential_Addons_Elementor\\Elements\\Post_Grid\" data-layout=\"masonry\" data-page=\"1\" data-args=\"orderby=date&amp;order=desc&amp;ignore_sticky_posts=1&amp;post_status=publish&amp;posts_per_page=10&amp;offset=0&amp;post_type=post\" data-max-page=\"7\">\n                    <span class=\"eael-btn-loader button__loader\"><\/span>\n                    <span class=\"eael_load_more_text\">Load More<\/span>\n                <\/button>\n            <\/div>\n            \t\t\t\t<\/div>\n\t\t\t\t<\/div>\n\t\t\t\t\t<\/div>\n\t\t<\/div>\n\t\t\t\t\t<\/div>\n\t\t<\/section>\n\t\t\t\t<section class=\"elementor-section elementor-top-section elementor-element elementor-element-38497f6 elementor-section-boxed elementor-section-height-default elementor-section-height-default\" data-id=\"38497f6\" data-element_type=\"section\" data-e-type=\"section\">\n\t\t\t\t\t\t<div class=\"elementor-container elementor-column-gap-default\">\n\t\t\t\t\t<div class=\"elementor-column elementor-col-100 elementor-top-column elementor-element elementor-element-04cad1c\" data-id=\"04cad1c\" data-element_type=\"column\" data-e-type=\"column\">\n\t\t\t<div class=\"elementor-widget-wrap elementor-element-populated\">\n\t\t\t\t\t\t<div class=\"elementor-element elementor-element-b925dbb elementor-widget elementor-widget-spacer\" data-id=\"b925dbb\" data-element_type=\"widget\" data-e-type=\"widget\" data-widget_type=\"spacer.default\">\n\t\t\t\t<div class=\"elementor-widget-container\">\n\t\t\t\t\t\t\t<div class=\"elementor-spacer\">\n\t\t\t<div class=\"elementor-spacer-inner\"><\/div>\n\t\t<\/div>\n\t\t\t\t\t\t<\/div>\n\t\t\t\t<\/div>\n\t\t\t\t\t<\/div>\n\t\t<\/div>\n\t\t\t\t\t<\/div>\n\t\t<\/section>\n\t\t\t\t<\/div>\n\t\t","protected":false},"excerpt":{"rendered":"<p>\u201cKal\u0117d\u0173 dovana\u201d e-mokyklos mokiniams Greitai prab\u0117go pa\u010dios gra\u017eiausios \u017eiemos \u0161vent\u0117s. Art\u0117jan\u010di\u0173 \u0161ven\u010di\u0173 dvasi\u0105 ypa\u010d gerai pajunti mokykloje, kuomet b\u016bna kuriami [&hellip;]<\/p>\n","protected":false},"author":2,"featured_media":0,"parent":0,"menu_order":0,"comment_status":"closed","ping_status":"closed","template":"","meta":{"nf_dc_page":"","_mc_calendar":[],"footnotes":""},"class_list":["post-328","page","type-page","status-publish","hentry"],"_links":{"self":[{"href":"https:\/\/svietimotaryba.org\/e-mokykla\/wp-json\/wp\/v2\/pages\/328","targetHints":{"allow":["GET"]}}],"collection":[{"href":"https:\/\/svietimotaryba.org\/e-mokykla\/wp-json\/wp\/v2\/pages"}],"about":[{"href":"https:\/\/svietimotaryba.org\/e-mokykla\/wp-json\/wp\/v2\/types\/page"}],"author":[{"embeddable":true,"href":"https:\/\/svietimotaryba.org\/e-mokykla\/wp-json\/wp\/v2\/users\/2"}],"replies":[{"embeddable":true,"href":"https:\/\/svietimotaryba.org\/e-mokykla\/wp-json\/wp\/v2\/comments?post=328"}],"version-history":[{"count":5,"href":"https:\/\/svietimotaryba.org\/e-mokykla\/wp-json\/wp\/v2\/pages\/328\/revisions"}],"predecessor-version":[{"id":351,"href":"https:\/\/svietimotaryba.org\/e-mokykla\/wp-json\/wp\/v2\/pages\/328\/revisions\/351"}],"wp:attachment":[{"href":"https:\/\/svietimotaryba.org\/e-mokykla\/wp-json\/wp\/v2\/media?parent=328"}],"curies":[{"name":"wp","href":"https:\/\/api.w.org\/{rel}","templated":true}]}}