{"id":1661,"date":"2025-01-28T16:25:47","date_gmt":"2025-01-28T16:25:47","guid":{"rendered":"https:\/\/svietimotaryba.org\/LongDistance\/?page_id=1661"},"modified":"2025-01-28T17:31:28","modified_gmt":"2025-01-28T17:31:28","slug":"about-us","status":"publish","type":"page","link":"https:\/\/svietimotaryba.org\/LongDistance\/about-us\/","title":{"rendered":"About us"},"content":{"rendered":"\t\t<div data-elementor-type=\"wp-page\" data-elementor-id=\"1661\" class=\"elementor elementor-1661\">\n\t\t\t\t\t\t<section class=\"elementor-section elementor-top-section elementor-element elementor-element-d00c432 elementor-section-boxed elementor-section-height-default elementor-section-height-default\" data-id=\"d00c432\" data-element_type=\"section\">\n\t\t\t\t\t\t<div class=\"elementor-container elementor-column-gap-default\">\n\t\t\t\t\t<div class=\"elementor-column elementor-col-100 elementor-top-column elementor-element elementor-element-9c3711d\" data-id=\"9c3711d\" data-element_type=\"column\">\n\t\t\t<div class=\"elementor-widget-wrap elementor-element-populated\">\n\t\t\t\t\t\t<div class=\"elementor-element elementor-element-33ece92 elementor-widget elementor-widget-heading\" data-id=\"33ece92\" data-element_type=\"widget\" data-widget_type=\"heading.default\">\n\t\t\t\t<div class=\"elementor-widget-container\">\n\t\t\t\t\t<h2 class=\"elementor-heading-title elementor-size-default\">Read the latest news about us!<\/h2>\t\t\t\t<\/div>\n\t\t\t\t<\/div>\n\t\t\t\t\t<\/div>\n\t\t<\/div>\n\t\t\t\t\t<\/div>\n\t\t<\/section>\n\t\t\t\t<section class=\"elementor-section elementor-top-section elementor-element elementor-element-92e4d94 elementor-section-boxed elementor-section-height-default elementor-section-height-default\" data-id=\"92e4d94\" data-element_type=\"section\">\n\t\t\t\t\t\t<div class=\"elementor-container elementor-column-gap-default\">\n\t\t\t\t\t<div class=\"elementor-column elementor-col-100 elementor-top-column elementor-element elementor-element-e9ebd11\" data-id=\"e9ebd11\" data-element_type=\"column\">\n\t\t\t<div class=\"elementor-widget-wrap elementor-element-populated\">\n\t\t\t\t\t\t<div class=\"elementor-element elementor-element-aeee337 elementor-grid-eael-col-1 elementor-grid-tablet-eael-col-2 elementor-grid-mobile-eael-col-1 elementor-widget elementor-widget-eael-post-grid\" data-id=\"aeee337\" data-element_type=\"widget\" data-settings=\"{&quot;eael_post_grid_columns&quot;:&quot;eael-col-1&quot;,&quot;eael_post_grid_columns_tablet&quot;:&quot;eael-col-2&quot;,&quot;eael_post_grid_columns_mobile&quot;:&quot;eael-col-1&quot;}\" data-widget_type=\"eael-post-grid.default\">\n\t\t\t\t<div class=\"elementor-widget-container\">\n\t\t\t\t\t<div id=\"eael-post-grid-aeee337\" class=\"eael-post-grid-container\">\n            <div class=\"eael-post-grid eael-post-appender eael-post-appender-aeee337 eael-post-grid-style-one\" data-layout-mode=\"masonry\"><article class=\"eael-grid-post eael-post-grid-column\" data-id=\"1677\">\n        <div class=\"eael-grid-post-holder\">\n            <div class=\"eael-grid-post-holder-inner\"><div class=\"eael-entry-wrapper\"><header class=\"eael-entry-header\"><h2 class=\"eael-entry-title\"><a class=\"eael-grid-post-link\" href=\"https:\/\/svietimotaryba.org\/LongDistance\/mokytis-lietuviu-kalbos-yra-verta-dr-daiva-litvinskaite\/\" title=\"Mokytis Lietuvi\u0173 kalbos yra verta. DR. Daiva Litvinskait\u0117\">Mokytis Lietuvi\u0173 kalbos yra verta. DR. Daiva Litvinskait\u0117<\/a><\/h2><\/header><div class=\"eael-entry-content\">\n                        <div class=\"eael-grid-post-excerpt\"><p>\u0160tai jau baig\u0117si ketvirti metai, kai vyksta JAV Lietuvi\u0173 Bendruomen\u0117s...<\/p><a href=\"https:\/\/svietimotaryba.org\/LongDistance\/mokytis-lietuviu-kalbos-yra-verta-dr-daiva-litvinskaite\/\" class=\"eael-post-elements-readmore-btn\">Skaityti daugiau<\/a><\/div>\n                    <\/div><div class=\"eael-entry-footer\"><div class=\"eael-entry-meta\"><\/div><\/div><\/div><\/div>\n        <\/div>\n    <\/article><\/div>\n            <div class=\"clearfix\"><\/div>\n        <\/div>\t\t\t\t<\/div>\n\t\t\t\t<\/div>\n\t\t\t\t\t<\/div>\n\t\t<\/div>\n\t\t\t\t\t<\/div>\n\t\t<\/section>\n\t\t\t\t<\/div>\n\t\t","protected":false},"excerpt":{"rendered":"<p>Read the latest news about us! Mokytis Lietuvi\u0173 kalbos yra verta. DR. Daiva Litvinskait\u0117 \u0160tai jau baig\u0117si ketvirti metai, kai vyksta JAV Lietuvi\u0173 Bendruomen\u0117s&#8230; Skaityti daugiau<\/p>\n","protected":false},"author":2,"featured_media":0,"parent":0,"menu_order":0,"comment_status":"closed","ping_status":"closed","template":"","meta":{"nf_dc_page":"","_mc_calendar":[],"footnotes":""},"class_list":["post-1661","page","type-page","status-publish","hentry"],"jetpack_sharing_enabled":true,"_links":{"self":[{"href":"https:\/\/svietimotaryba.org\/LongDistance\/wp-json\/wp\/v2\/pages\/1661","targetHints":{"allow":["GET"]}}],"collection":[{"href":"https:\/\/svietimotaryba.org\/LongDistance\/wp-json\/wp\/v2\/pages"}],"about":[{"href":"https:\/\/svietimotaryba.org\/LongDistance\/wp-json\/wp\/v2\/types\/page"}],"author":[{"embeddable":true,"href":"https:\/\/svietimotaryba.org\/LongDistance\/wp-json\/wp\/v2\/users\/2"}],"replies":[{"embeddable":true,"href":"https:\/\/svietimotaryba.org\/LongDistance\/wp-json\/wp\/v2\/comments?post=1661"}],"version-history":[{"count":5,"href":"https:\/\/svietimotaryba.org\/LongDistance\/wp-json\/wp\/v2\/pages\/1661\/revisions"}],"predecessor-version":[{"id":1705,"href":"https:\/\/svietimotaryba.org\/LongDistance\/wp-json\/wp\/v2\/pages\/1661\/revisions\/1705"}],"wp:attachment":[{"href":"https:\/\/svietimotaryba.org\/LongDistance\/wp-json\/wp\/v2\/media?parent=1661"}],"curies":[{"name":"wp","href":"https:\/\/api.w.org\/{rel}","templated":true}]}}